{"id":2665,"date":"2021-04-10T13:50:44","date_gmt":"2021-04-10T11:50:44","guid":{"rendered":"http:\/\/baustelle.schlei-fahrzeugbau-schleswig.de\/?page_id=2665"},"modified":"2021-05-16T17:32:31","modified_gmt":"2021-05-16T15:32:31","slug":"impressum","status":"publish","type":"page","link":"https:\/\/schlei-fahrzeugbau-schleswig.de\/index.php\/impressum\/","title":{"rendered":"Impressum"},"content":{"rendered":"\t\t<div data-elementor-type=\"wp-page\" data-elementor-id=\"2665\" class=\"elementor elementor-2665\">\n\t\t\t\t\t\t<section class=\"elementor-section elementor-top-section elementor-element elementor-element-8224985 elementor-section-boxed elementor-section-height-default elementor-section-height-default\" data-id=\"8224985\" data-element_type=\"section\">\n\t\t\t\t\t\t<div class=\"elementor-container elementor-column-gap-default\">\n\t\t\t\t\t<div class=\"elementor-column elementor-col-100 elementor-top-column elementor-element elementor-element-d4a06fc\" data-id=\"d4a06fc\" data-element_type=\"column\">\n\t\t\t<div class=\"elementor-widget-wrap elementor-element-populated\">\n\t\t\t\t\t\t<div class=\"elementor-element elementor-element-df71853 elementor-widget elementor-widget-text-editor\" data-id=\"df71853\" data-element_type=\"widget\" data-widget_type=\"text-editor.default\">\n\t\t\t\t<div class=\"elementor-widget-container\">\n\t\t\t\t\t\t\t<h2><b>Angaben gem\u00e4\u00df \u00a7 5 TMG<\/b><\/h2><p><b>SchleiFahrzeugbau Schleswig GmbH<\/b><\/p><p><b>Berender Redder 100<\/b><\/p><p><b>D-24837 Schleswig<\/b><\/p><p><b>Vertreten durch Herrn Ingo Braun<\/b><b>\u00a0 \u00a0 \u00a0 \u00a0 \u00a0 \u00a0 \u00a0 \u00a0 \u00a0 \u00a0 \u00a0 \u00a0 \u00a0 \u00a0 \u00a0 \u00a0 \u00a0 \u00a0 \u00a0 \u00a0 \u00a0 \u00a0 \u00a0 \u00a0 \u00a0 \u00a0 \u00a0 \u00a0 \u00a0 \u00a0 \u00a0 \u00a0 \u00a0 \u00a0 \u00a0 \u00a0 \u00a0 \u00a0 \u00a0 \u00a0 \u00a0 \u00a0 \u00a0 \u00a0 \u00a0 \u00a0 \u00a0 \u00a0 \u00a0 \u00a0 \u00a0 \u00a0 \u00a0 \u00a0 \u00a0 \u00a0 \u00a0 \u00a0 \u00a0 \u00a0 \u00a0 \u00a0 \u00a0 \u00a0 \u00a0 \u00a0 \u00a0 \u00a0 \u00a0 \u00a0 \u00a0 \u00a0 \u00a0 \u00a0 \u00a0 \u00a0 \u00a0 \u00a0 \u00a0 \u00a0 \u00a0 \u00a0 \u00a0 \u00a0 \u00a0 \u00a0 \u00a0 \u00a0 \u00a0 \u00a0 \u00a0 \u00a0 \u00a0 \u00a0 \u00a0 \u00a0 \u00a0 \u00a0 \u00a0 \u00a0 \u00a0 \u00a0 \u00a0 \u00a0 \u00a0 \u00a0 \u00a0 \u00a0 \u00a0 \u00a0 \u00a0 \u00a0 \u00a0 \u00a0 \u00a0 \u00a0 \u00a0 \u00a0 \u00a0 \u00a0 \u00a0 \u00a0 \u00a0 \u00a0 \u00a0 \u00a0 \u00a0 \u00a0 \u00a0 \u00a0 \u00a0 \u00a0 \u00a0 \u00a0 \u00a0 \u00a0 \u00a0 \u00a0 \u00a0 \u00a0 \u00a0 \u00a0 \u00a0 \u00a0 \u00a0 \u00a0 \u00a0 \u00a0 \u00a0 \u00a0 \u00a0 \u00a0 \u00a0 \u00a0 \u00a0 \u00a0 \u00a0 \u00a0 \u00a0 \u00a0 \u00a0 \u00a0 \u00a0 \u00a0 \u00a0 \u00a0 \u00a0 \u00a0 \u00a0 \u00a0 \u00a0 \u00a0 \u00a0 \u00a0 \u00a0 \u00a0 \u00a0 \u00a0 \u00a0 \u00a0 \u00a0 \u00a0 \u00a0 \u00a0 \u00a0 \u00a0 \u00a0 \u00a0 \u00a0 \u00a0 \u00a0 \u00a0 \u00a0 \u00a0 \u00a0 \u00a0 \u00a0 \u00a0 \u00a0 \u00a0 \u00a0 \u00a0 \u00a0 \u00a0 \u00a0 \u00a0 \u00a0 \u00a0 \u00a0 \u00a0 \u00a0 \u00a0 \u00a0 \u00a0 \u00a0 \u00a0 \u00a0 \u00a0 \u00a0 \u00a0\u00a0<\/b><\/p><h3>Kontakt:<\/h3><p><b><br \/><\/b>Telefon: +49 (0) 171-9789735<br \/>Telefon: +49 (0) 4621-9891444\u00a0<br \/>Fax: +49 (0) 4621-9891446<br \/>E-Mail: info[at]schlei-fahrzeugbau-schleswig.de\u00a0<\/p><h3>Registereintrag:<\/h3><p><b><\/b>Eintragung im Registergericht: Flensburg<br \/>Registernummer: HRB 12891 FL<b><br \/><\/b><\/p><h3>Umsatzsteuer-ID:\u00a0\u00a0<b><br \/><\/b><\/h3><p>Umsatzsteuer-Identifikationsnummer gem\u00e4\u00df \u00a727a Umsatzsteuergesetz: DE317427389<\/p><p>Plattform der EU-Kommission zur Online-Streitbeilegung:\u00a0<a href=\"https:\/\/ec.europa.eu\/consumers\/odr\">https:\/\/ec.europa.eu\/consumers\/odr<\/a><\/p><p>Wir sind zur Teilnahme an einem Streitbeilegungsverfahren vor einer Verbraucherschlichtungsstelle weder verpflichtet noch bereit.<\/p><p>Haftungsausschluss (Disclaimer)<\/p><h3>Haftung f\u00fcr Inhalte<\/h3><p>Als Diensteanbieter sind wir gem\u00e4\u00df \u00a7 7 Abs.1 TMG f\u00fcr eigene Inhalte auf diesen Seiten nach den allgemeinen Gesetzen verantwortlich. Nach \u00a7\u00a7 8 bis 10 TMG sind wir als Diensteanbieter jedoch nicht verpflichtet, \u00fcbermittelte oder gespeicherte fremde Informationen zu \u00fcberwachen oder nach Umst\u00e4nden zu forschen, die auf eine rechtswidrige T\u00e4tigkeit hinweisen. Verpflichtungen zur Entfernung oder Sperrung der Nutzung von Informationen nach den allgemeinen Gesetzen bleiben hiervon unber\u00fchrt. Eine diesbez\u00fcgliche Haftung ist jedoch erst ab dem Zeitpunkt der Kenntnis einer konkreten Rechtsverletzung m\u00f6glich. Bei Bekanntwerden von entsprechenden Rechtsverletzungen werden wir diese Inhalte umgehend entfernen.<\/p><h3>Haftung f\u00fcr Links<\/h3><p>Unser Angebot enth\u00e4lt Links zu externen Webseiten Dritter, auf deren Inhalte wir keinen Einfluss haben. Deshalb k\u00f6nnen wir f\u00fcr diese fremden Inhalte auch keine Gew\u00e4hr \u00fcbernehmen. F\u00fcr die Inhalte der verlinkten Seiten ist stets der jeweilige Anbieter oder Betreiber der Seiten verantwortlich. Die verlinkten Seiten wurden zum Zeitpunkt der Verlinkung auf m\u00f6gliche Rechtsverst\u00f6\u00dfe \u00fcberpr\u00fcft. Rechtswidrige Inhalte waren zum Zeitpunkt der Verlinkung nicht erkennbar. Eine permanente inhaltliche Kontrolle der verlinkten Seiten ist jedoch ohne konkrete Anhaltspunkte einer Rechtsverletzung nicht zumutbar. Bei Bekanntwerden von Rechtsverletzungen werden wir derartige Links umgehend entfernen.<\/p><h3>Urheberrecht<\/h3><p>Die durch die Seitenbetreiber erstellten Inhalte und Werke auf diesen Seiten unterliegen dem deutschen Urheberrecht. Die Vervielf\u00e4ltigung, Bearbeitung, Verbreitung und jede Art der Verwertung au\u00dferhalb der Grenzen des Urheberrechtes bed\u00fcrfen der schriftlichen Zustimmung des jeweiligen Autors bzw. Erstellers. Downloads und Kopien dieser Seite sind nur f\u00fcr den privaten, nicht kommerziellen Gebrauch gestattet. Soweit die Inhalte auf dieser Seite nicht vom Betreiber erstellt wurden, werden die Urheberrechte Dritter beachtet. Insbesondere werden Inhalte Dritter als solche gekennzeichnet. Sollten Sie trotzdem auf eine Urheberrechtsverletzung aufmerksam werden, bitten wir um einen entsprechenden Hinweis. Bei Bekanntwerden von Rechtsverletzungen werden wir derartige Inhalte umgehend entfernen.<\/p><p>S\u00e4mtliche Bilder dieser Website unterliegen dem Copyrigt von SchleiFahrzeugbau GmbH, es sei denn andere Quellen werden hier im Impressum genannt.\u00a0<\/p><p><span style=\"color: #808080;\">Bild \/ Textausz\u00fcge mit freundlicher Genehmigung durch:<\/span><\/p><ul><li><span style=\"color: #808080;\"><a style=\"color: #808080;\" href=\"https:\/\/www.leab.eu\" target=\"_blank\" rel=\"noopener\">LEAB Automotive GmbH<\/a><\/span><\/li><li><span style=\"color: #808080;\"><a style=\"color: #808080;\" href=\"https:\/\/www.mysortimo.de\/de\/\" target=\"_blank\" rel=\"noopener\">Sortimo International GmbH<\/a><\/span><\/li><li><span style=\"color: #808080;\"><a style=\"color: #808080;\" href=\"https:\/\/www.ap-zentrum.de\" target=\"_blank\" rel=\"noopener\">ap Unternehmensgruppe Andreas Pahl<\/a><\/span><\/li><li><span style=\"color: #808080;\"><a style=\"color: #808080;\" href=\"http:\/\/www.schlei-schmiede.de\" target=\"_blank\" rel=\"noopener\">Schlei Schmiede Uwe Tittel<\/a><\/span><\/li><\/ul><p>\u00a0<\/p>\t\t\t\t\t\t<\/div>\n\t\t\t\t<\/div>\n\t\t\t\t\t<\/div>\n\t\t<\/div>\n\t\t\t\t\t<\/div>\n\t\t<\/section>\n\t\t\t\t<\/div>\n\t\t","protected":false},"excerpt":{"rendered":"<p>Angaben gem\u00e4\u00df \u00a7 5 TMG SchleiFahrzeugbau Schleswig GmbH Berender Redder 100 D-24837 Schleswig Vertreten durch Herrn Ingo Braun\u00a0 \u00a0 \u00a0 \u00a0 \u00a0 \u00a0 \u00a0 \u00a0 \u00a0 \u00a0 \u00a0 \u00a0 \u00a0 \u00a0 \u00a0 \u00a0 \u00a0 \u00a0 \u00a0 \u00a0 \u00a0 \u00a0 \u00a0 \u00a0 \u00a0 \u00a0 \u00a0 \u00a0 \u00a0 \u00a0 \u00a0 \u00a0 \u00a0 \u00a0 \u00a0 \u00a0 \u00a0 \u00a0 [&hellip;]<\/p>\n","protected":false},"author":1,"featured_media":0,"parent":0,"menu_order":0,"comment_status":"closed","ping_status":"closed","template":"","meta":{"footnotes":""},"class_list":["post-2665","page","type-page","status-publish","hentry"],"yoast_head":"<!-- This site is optimized with the Yoast SEO plugin v27.5 - https:\/\/yoast.com\/product\/yoast-seo-wordpress\/ -->\n<title>Impressum - Schlei Fahrzeugbau Schleswig<\/title>\n<meta name=\"robots\" content=\"index, follow, max-snippet:-1, max-image-preview:large, max-video-preview:-1\" \/>\n<link rel=\"canonical\" href=\"https:\/\/schlei-fahrzeugbau-schleswig.de\/index.php\/impressum\/\" \/>\n<meta property=\"og:locale\" content=\"de_DE\" \/>\n<meta property=\"og:type\" content=\"article\" \/>\n<meta property=\"og:title\" content=\"Impressum - Schlei Fahrzeugbau Schleswig\" \/>\n<meta property=\"og:description\" content=\"Angaben gem\u00e4\u00df \u00a7 5 TMG SchleiFahrzeugbau Schleswig GmbH Berender Redder 100 D-24837 Schleswig Vertreten durch Herrn Ingo Braun\u00a0 \u00a0 \u00a0 \u00a0 \u00a0 \u00a0 \u00a0 \u00a0 \u00a0 \u00a0 \u00a0 \u00a0 \u00a0 \u00a0 \u00a0 \u00a0 \u00a0 \u00a0 \u00a0 \u00a0 \u00a0 \u00a0 \u00a0 \u00a0 \u00a0 \u00a0 \u00a0 \u00a0 \u00a0 \u00a0 \u00a0 \u00a0 \u00a0 \u00a0 \u00a0 \u00a0 \u00a0 \u00a0 [&hellip;]\" \/>\n<meta property=\"og:url\" content=\"https:\/\/schlei-fahrzeugbau-schleswig.de\/index.php\/impressum\/\" \/>\n<meta property=\"og:site_name\" content=\"Schlei Fahrzeugbau Schleswig\" \/>\n<meta property=\"article:modified_time\" content=\"2021-05-16T15:32:31+00:00\" \/>\n<meta name=\"twitter:card\" content=\"summary_large_image\" \/>\n<meta name=\"twitter:label1\" content=\"Gesch\u00e4tzte Lesezeit\" \/>\n\t<meta name=\"twitter:data1\" content=\"3\u00a0Minuten\" \/>\n<script type=\"application\/ld+json\" class=\"yoast-schema-graph\">{\"@context\":\"https:\\\/\\\/schema.org\",\"@graph\":[{\"@type\":\"WebPage\",\"@id\":\"https:\\\/\\\/schlei-fahrzeugbau-schleswig.de\\\/index.php\\\/impressum\\\/\",\"url\":\"https:\\\/\\\/schlei-fahrzeugbau-schleswig.de\\\/index.php\\\/impressum\\\/\",\"name\":\"Impressum - Schlei Fahrzeugbau Schleswig\",\"isPartOf\":{\"@id\":\"https:\\\/\\\/schlei-fahrzeugbau-schleswig.de\\\/#website\"},\"datePublished\":\"2021-04-10T11:50:44+00:00\",\"dateModified\":\"2021-05-16T15:32:31+00:00\",\"breadcrumb\":{\"@id\":\"https:\\\/\\\/schlei-fahrzeugbau-schleswig.de\\\/index.php\\\/impressum\\\/#breadcrumb\"},\"inLanguage\":\"de\",\"potentialAction\":[{\"@type\":\"ReadAction\",\"target\":[\"https:\\\/\\\/schlei-fahrzeugbau-schleswig.de\\\/index.php\\\/impressum\\\/\"]}]},{\"@type\":\"BreadcrumbList\",\"@id\":\"https:\\\/\\\/schlei-fahrzeugbau-schleswig.de\\\/index.php\\\/impressum\\\/#breadcrumb\",\"itemListElement\":[{\"@type\":\"ListItem\",\"position\":1,\"name\":\"Home\",\"item\":\"https:\\\/\\\/schlei-fahrzeugbau-schleswig.de\\\/\"},{\"@type\":\"ListItem\",\"position\":2,\"name\":\"Impressum\"}]},{\"@type\":\"WebSite\",\"@id\":\"https:\\\/\\\/schlei-fahrzeugbau-schleswig.de\\\/#website\",\"url\":\"https:\\\/\\\/schlei-fahrzeugbau-schleswig.de\\\/\",\"name\":\"Schlei Fahrzeugbau Schleswig\",\"description\":\"Fahrzeugbau Schleswig-Holstein\",\"potentialAction\":[{\"@type\":\"SearchAction\",\"target\":{\"@type\":\"EntryPoint\",\"urlTemplate\":\"https:\\\/\\\/schlei-fahrzeugbau-schleswig.de\\\/?s={search_term_string}\"},\"query-input\":{\"@type\":\"PropertyValueSpecification\",\"valueRequired\":true,\"valueName\":\"search_term_string\"}}],\"inLanguage\":\"de\"}]}<\/script>\n<!-- \/ Yoast SEO plugin. -->","yoast_head_json":{"title":"Impressum - Schlei Fahrzeugbau Schleswig","robots":{"index":"index","follow":"follow","max-snippet":"max-snippet:-1","max-image-preview":"max-image-preview:large","max-video-preview":"max-video-preview:-1"},"canonical":"https:\/\/schlei-fahrzeugbau-schleswig.de\/index.php\/impressum\/","og_locale":"de_DE","og_type":"article","og_title":"Impressum - Schlei Fahrzeugbau Schleswig","og_description":"Angaben gem\u00e4\u00df \u00a7 5 TMG SchleiFahrzeugbau Schleswig GmbH Berender Redder 100 D-24837 Schleswig Vertreten durch Herrn Ingo Braun\u00a0 \u00a0 \u00a0 \u00a0 \u00a0 \u00a0 \u00a0 \u00a0 \u00a0 \u00a0 \u00a0 \u00a0 \u00a0 \u00a0 \u00a0 \u00a0 \u00a0 \u00a0 \u00a0 \u00a0 \u00a0 \u00a0 \u00a0 \u00a0 \u00a0 \u00a0 \u00a0 \u00a0 \u00a0 \u00a0 \u00a0 \u00a0 \u00a0 \u00a0 \u00a0 \u00a0 \u00a0 \u00a0 [&hellip;]","og_url":"https:\/\/schlei-fahrzeugbau-schleswig.de\/index.php\/impressum\/","og_site_name":"Schlei Fahrzeugbau Schleswig","article_modified_time":"2021-05-16T15:32:31+00:00","twitter_card":"summary_large_image","twitter_misc":{"Gesch\u00e4tzte Lesezeit":"3\u00a0Minuten"},"schema":{"@context":"https:\/\/schema.org","@graph":[{"@type":"WebPage","@id":"https:\/\/schlei-fahrzeugbau-schleswig.de\/index.php\/impressum\/","url":"https:\/\/schlei-fahrzeugbau-schleswig.de\/index.php\/impressum\/","name":"Impressum - Schlei Fahrzeugbau Schleswig","isPartOf":{"@id":"https:\/\/schlei-fahrzeugbau-schleswig.de\/#website"},"datePublished":"2021-04-10T11:50:44+00:00","dateModified":"2021-05-16T15:32:31+00:00","breadcrumb":{"@id":"https:\/\/schlei-fahrzeugbau-schleswig.de\/index.php\/impressum\/#breadcrumb"},"inLanguage":"de","potentialAction":[{"@type":"ReadAction","target":["https:\/\/schlei-fahrzeugbau-schleswig.de\/index.php\/impressum\/"]}]},{"@type":"BreadcrumbList","@id":"https:\/\/schlei-fahrzeugbau-schleswig.de\/index.php\/impressum\/#breadcrumb","itemListElement":[{"@type":"ListItem","position":1,"name":"Home","item":"https:\/\/schlei-fahrzeugbau-schleswig.de\/"},{"@type":"ListItem","position":2,"name":"Impressum"}]},{"@type":"WebSite","@id":"https:\/\/schlei-fahrzeugbau-schleswig.de\/#website","url":"https:\/\/schlei-fahrzeugbau-schleswig.de\/","name":"Schlei Fahrzeugbau Schleswig","description":"Fahrzeugbau Schleswig-Holstein","potentialAction":[{"@type":"SearchAction","target":{"@type":"EntryPoint","urlTemplate":"https:\/\/schlei-fahrzeugbau-schleswig.de\/?s={search_term_string}"},"query-input":{"@type":"PropertyValueSpecification","valueRequired":true,"valueName":"search_term_string"}}],"inLanguage":"de"}]}},"_links":{"self":[{"href":"https:\/\/schlei-fahrzeugbau-schleswig.de\/index.php\/wp-json\/wp\/v2\/pages\/2665","targetHints":{"allow":["GET"]}}],"collection":[{"href":"https:\/\/schlei-fahrzeugbau-schleswig.de\/index.php\/wp-json\/wp\/v2\/pages"}],"about":[{"href":"https:\/\/schlei-fahrzeugbau-schleswig.de\/index.php\/wp-json\/wp\/v2\/types\/page"}],"author":[{"embeddable":true,"href":"https:\/\/schlei-fahrzeugbau-schleswig.de\/index.php\/wp-json\/wp\/v2\/users\/1"}],"replies":[{"embeddable":true,"href":"https:\/\/schlei-fahrzeugbau-schleswig.de\/index.php\/wp-json\/wp\/v2\/comments?post=2665"}],"version-history":[{"count":0,"href":"https:\/\/schlei-fahrzeugbau-schleswig.de\/index.php\/wp-json\/wp\/v2\/pages\/2665\/revisions"}],"wp:attachment":[{"href":"https:\/\/schlei-fahrzeugbau-schleswig.de\/index.php\/wp-json\/wp\/v2\/media?parent=2665"}],"curies":[{"name":"wp","href":"https:\/\/api.w.org\/{rel}","templated":true}]}}