{"id":2667,"date":"2021-04-10T13:51:01","date_gmt":"2021-04-10T11:51:01","guid":{"rendered":"http:\/\/baustelle.schlei-fahrzeugbau-schleswig.de\/?page_id=2667"},"modified":"2021-04-10T13:51:57","modified_gmt":"2021-04-10T11:51:57","slug":"datenschutzerklaerung-2","status":"publish","type":"page","link":"https:\/\/schlei-fahrzeugbau-schleswig.de\/index.php\/datenschutzerklaerung-2\/","title":{"rendered":"Datenschutzerkl\u00e4rung"},"content":{"rendered":"\n<p><strong>1) Information \u00fcber die Erhebung personenbezogener Daten und Kontaktdaten des Verantwortlichen<\/strong><\/p>\n\n\n\n<p>1.1\u2009Wir freuen uns, dass Sie unsere Website besuchen und bedanken uns f\u00fcr Ihr Interesse. Im Folgenden informieren wir Sie \u00fcber den Umgang mit Ihren personenbezogenen Daten bei Nutzung unserer Website. Personenbezogene Daten sind hierbei alle Daten, mit denen Sie pers\u00f6nlich identifiziert werden k\u00f6nnen.<\/p>\n\n\n\n<p>1.2\u2009Verantwortlicher f\u00fcr die Datenverarbeitung auf dieser Website im Sinne der Datenschutz-Grundverordnung (DSGVO) ist SchleiFahrzeugbau Schleswig GmbH, Berender Redder 100, 24837 Schleswig Deutschland, Tel.:&nbsp;<a href=\"tel:+49%20(0)1719789735\">+49 (0)1719789735<\/a>&nbsp;E-Mail: Info@schlei-fahrzeugbau-schleswig.de. Der f\u00fcr die Verarbeitung von personenbezogenen Daten Verantwortliche ist diejenige nat\u00fcrliche oder juristische Person, die allein oder gemeinsam mit anderen \u00fcber die Zwecke und Mittel der Verarbeitung von personenbezogenen Daten entscheidet.<\/p>\n\n\n\n<p>1.3\u2009Diese Website nutzt aus Sicherheitsgr\u00fcnden und zum Schutz der \u00dcbertragung personenbezogene Daten und anderer vertraulicher Inhalte (z.B. Bestellungen oder Anfragen an den Verantwortlichen) eine SSL-bzw. TLS-Verschl\u00fcsselung. Sie k\u00f6nnen eine verschl\u00fcsselte Verbindung an der Zeichenfolge \u201ehttps:\/\/\u201c und dem Schloss-Symbol in Ihrer Browserzeile erkennen.<\/p>\n\n\n\n<p><strong>2) Datenerfassung beim Besuch unserer Website<\/strong><\/p>\n\n\n\n<p>Bei der blo\u00df informatorischen Nutzung unserer Website, also wenn Sie sich nicht registrieren oder uns anderweitig Informationen \u00fcbermitteln, erheben wir nur solche Daten, die Ihr Browser an unseren Server \u00fcbermittelt (sog. \u201eServer-Logfiles\u201c). Wenn Sie unsere Website aufrufen, erheben wir die folgenden Daten, die f\u00fcr uns technisch erforderlich sind, um Ihnen die Website anzuzeigen:<\/p>\n\n\n\n<ul class=\"wp-block-list\"><li>Unsere besuchte Website<\/li><li>Datum und Uhrzeit zum Zeitpunkt des Zugriffes<\/li><li>Menge der gesendeten Daten in Byte<\/li><li>Quelle\/Verweis, von welchem Sie auf die Seite gelangten<\/li><li>Verwendeter Browser<\/li><li>Verwendetes Betriebssystem<\/li><li>Verwendete IP-Adresse (ggf.: in anonymisierter Form)<\/li><\/ul>\n\n\n\n<p>Die Verarbeitung erfolgt gem\u00e4\u00df Art. 6 Abs. 1 lit. f DSGVO auf Basis unseres berechtigten Interesses an der Verbesserung der Stabilit\u00e4t und Funktionalit\u00e4t unserer Website. Eine Weitergabe oder anderweitige Verwendung der Daten findet nicht statt. Wir behalten uns allerdings vor, die Server-Logfiles nachtr\u00e4glich zu \u00fcberpr\u00fcfen, sollten konkrete Anhaltspunkte auf eine rechtswidrige Nutzung hinweisen.<\/p>\n\n\n\n<p><strong>3) Cookies<\/strong><\/p>\n\n\n\n<p>Um den Besuch unserer Website attraktiv zu gestalten und die Nutzung bestimmter Funktionen zu erm\u00f6glichen, verwenden wir auf verschiedenen Seiten sogenannte Cookies. Hierbei handelt es sich um kleine Textdateien, die auf Ihrem Endger\u00e4t abgelegt werden. Einige der von uns verwendeten Cookies werden nach dem Ende der Browser-Sitzung, also nach Schlie\u00dfen Ihres Browsers, wieder gel\u00f6scht (sog. Sitzungs-Cookies). Andere Cookies verbleiben auf Ihrem Endger\u00e4t und erm\u00f6glichen uns oder unseren Partnerunternehmen (Cookies von Drittanbietern), Ihren Browser beim n\u00e4chsten Besuch wiederzuerkennen (persistente Cookies). Werden Cookies gesetzt, erheben und verarbeiten diese im individuellen Umfang bestimmte Nutzerinformationen wie Browser- und Standortdaten sowie IP-Adresswerte. Persistente Cookies werden automatisiert nach einer vorgegebenen Dauer gel\u00f6scht, die sich je nach Cookie unterscheiden kann.<\/p>\n\n\n\n<p>Teilweise dienen die Cookies dazu, durch Speicherung von Einstellungen den Bestellprozess zu vereinfachen (z.B. Merken des Inhalts eines virtuellen Warenkorbs f\u00fcr einen sp\u00e4teren Besuch auf der Website). Sofern durch einzelne von uns implementierte Cookies auch personenbezogene Daten verarbeitet werden, erfolgt die Verarbeitung gem\u00e4\u00df Art. 6 Abs. 1 lit. b DSGVO entweder zur Durchf\u00fchrung des Vertrages oder gem\u00e4\u00df Art. 6 Abs. 1 lit. f DSGVO zur Wahrung unserer berechtigten Interessen an der bestm\u00f6glichen Funktionalit\u00e4t der Website sowie einer kundenfreundlichen und effektiven Ausgestaltung des Seitenbesuchs.<\/p>\n\n\n\n<p>Wir arbeiten unter Umst\u00e4nden mit Werbepartnern zusammen, die uns helfen, unser Internetangebot f\u00fcr Sie interessanter zu gestalten. Zu diesem Zweck werden f\u00fcr diesen Fall bei Ihrem Besuch unserer Website auch Cookies von Partnerunternehmen auf Ihrer Festplatte gespeichert (Cookies von Drittanbietern). Wenn wir mit vorbenannten Werbepartnern zusammenarbeiten, werden Sie \u00fcber den Einsatz derartiger Cookies und den Umfang der jeweils erhobenen Informationen innerhalb der nachstehenden Abs\u00e4tze individuell und gesondert informiert.<\/p>\n\n\n\n<p>Bitte beachten Sie, dass Sie Ihren Browser so einstellen k\u00f6nnen, dass Sie \u00fcber das Setzen von Cookies informiert werden und einzeln \u00fcber deren Annahme entscheiden oder die Annahme von Cookies f\u00fcr bestimmte F\u00e4lle oder generell ausschlie\u00dfen k\u00f6nnen. Jeder Browser unterscheidet sich in der Art, wie er die Cookie-Einstellungen verwaltet. Diese ist in dem Hilfemen\u00fc jedes Browsers beschrieben, welches Ihnen erl\u00e4utert, wie Sie Ihre Cookie-Einstellungen \u00e4ndern k\u00f6nnen. Diese finden Sie f\u00fcr die jeweiligen Browser unter den folgenden Links:<\/p>\n\n\n\n<p>Internet Explorer: https:\/\/support.microsoft.com\/de-de\/help\/17442\/windows-internet-explorer-delete-manage-cookies<br>Firefox: https:\/\/support.mozilla.org\/de\/kb\/cookies-erlauben-und-ablehnen<br>Chrome: https:\/\/support.google.com\/chrome\/answer\/95647?hl=de&amp;hlrm=en<br>Safari: https:\/\/support.apple.com\/kb\/ph21411?locale=de_DE<br>Opera: http:\/\/help.opera.com\/Windows\/10.20\/de\/cookies.html<\/p>\n\n\n\n<p>Bitte beachten Sie, dass bei Nichtannahme von Cookies die Funktionalit\u00e4t unserer Website eingeschr\u00e4nkt sein kann.<\/p>\n\n\n\n<p><strong>4) Kontaktaufnahme<\/strong><\/p>\n\n\n\n<p>Im Rahmen der Kontaktaufnahme mit uns (z.B. per Kontaktformular oder E-Mail) werden personenbezogene Daten erhoben. Welche Daten im Falle eines Kontaktformulars erhoben werden, ist aus dem jeweiligen Kontaktformular ersichtlich. Diese Daten werden ausschlie\u00dflich zum Zweck der Beantwortung Ihres Anliegens bzw. f\u00fcr die Kontaktaufnahme und die damit verbundene technische Administration gespeichert und verwendet. Rechtsgrundlage f\u00fcr die Verarbeitung der Daten ist unser berechtigtes Interesse an der Beantwortung Ihres Anliegens gem\u00e4\u00df Art. 6 Abs. 1 lit. f DSGVO. Zielt Ihre Kontaktierung auf den Abschluss eines Vertrages ab, so ist zus\u00e4tzliche Rechtsgrundlage f\u00fcr die Verarbeitung Art. 6 Abs. 1 lit. b DSGVO. Ihre Daten werden nach abschlie\u00dfender Bearbeitung Ihrer Anfrage gel\u00f6scht, dies ist der Fall, wenn sich aus den Umst\u00e4nden entnehmen l\u00e4sst, dass der betroffene Sachverhalt abschlie\u00dfend gekl\u00e4rt ist und sofern keine gesetzlichen Aufbewahrungspflichten entgegenstehen.<\/p>\n","protected":false},"excerpt":{"rendered":"<p>1) Information \u00fcber die Erhebung personenbezogener Daten und Kontaktdaten des Verantwortlichen 1.1\u2009Wir freuen uns, dass Sie unsere Website besuchen und bedanken uns f\u00fcr Ihr Interesse. Im Folgenden informieren wir Sie \u00fcber den Umgang mit Ihren personenbezogenen Daten bei Nutzung unserer Website. Personenbezogene Daten sind hierbei alle Daten, mit denen Sie pers\u00f6nlich identifiziert werden k\u00f6nnen. 1.2\u2009Verantwortlicher [&hellip;]<\/p>\n","protected":false},"author":1,"featured_media":0,"parent":0,"menu_order":0,"comment_status":"closed","ping_status":"closed","template":"","meta":{"footnotes":""},"class_list":["post-2667","page","type-page","status-publish","hentry"],"yoast_head":"<!-- This site is optimized with the Yoast SEO plugin v27.4 - https:\/\/yoast.com\/product\/yoast-seo-wordpress\/ -->\n<title>Datenschutzerkl\u00e4rung - Schlei Fahrzeugbau Schleswig<\/title>\n<meta name=\"robots\" content=\"index, follow, max-snippet:-1, max-image-preview:large, max-video-preview:-1\" \/>\n<link rel=\"canonical\" href=\"https:\/\/schlei-fahrzeugbau-schleswig.de\/index.php\/datenschutzerklaerung-2\/\" \/>\n<meta property=\"og:locale\" content=\"de_DE\" \/>\n<meta property=\"og:type\" content=\"article\" \/>\n<meta property=\"og:title\" content=\"Datenschutzerkl\u00e4rung - Schlei Fahrzeugbau Schleswig\" \/>\n<meta property=\"og:description\" content=\"1) Information \u00fcber die Erhebung personenbezogener Daten und Kontaktdaten des Verantwortlichen 1.1\u2009Wir freuen uns, dass Sie unsere Website besuchen und bedanken uns f\u00fcr Ihr Interesse. Im Folgenden informieren wir Sie \u00fcber den Umgang mit Ihren personenbezogenen Daten bei Nutzung unserer Website. Personenbezogene Daten sind hierbei alle Daten, mit denen Sie pers\u00f6nlich identifiziert werden k\u00f6nnen. 1.2\u2009Verantwortlicher [&hellip;]\" \/>\n<meta property=\"og:url\" content=\"https:\/\/schlei-fahrzeugbau-schleswig.de\/index.php\/datenschutzerklaerung-2\/\" \/>\n<meta property=\"og:site_name\" content=\"Schlei Fahrzeugbau Schleswig\" \/>\n<meta property=\"article:modified_time\" content=\"2021-04-10T11:51:57+00:00\" \/>\n<meta name=\"twitter:card\" content=\"summary_large_image\" \/>\n<meta name=\"twitter:label1\" content=\"Gesch\u00e4tzte Lesezeit\" \/>\n\t<meta name=\"twitter:data1\" content=\"4\u00a0Minuten\" \/>\n<script type=\"application\/ld+json\" class=\"yoast-schema-graph\">{\"@context\":\"https:\\\/\\\/schema.org\",\"@graph\":[{\"@type\":\"WebPage\",\"@id\":\"https:\\\/\\\/schlei-fahrzeugbau-schleswig.de\\\/index.php\\\/datenschutzerklaerung-2\\\/\",\"url\":\"https:\\\/\\\/schlei-fahrzeugbau-schleswig.de\\\/index.php\\\/datenschutzerklaerung-2\\\/\",\"name\":\"Datenschutzerkl\u00e4rung - Schlei Fahrzeugbau Schleswig\",\"isPartOf\":{\"@id\":\"https:\\\/\\\/schlei-fahrzeugbau-schleswig.de\\\/#website\"},\"datePublished\":\"2021-04-10T11:51:01+00:00\",\"dateModified\":\"2021-04-10T11:51:57+00:00\",\"breadcrumb\":{\"@id\":\"https:\\\/\\\/schlei-fahrzeugbau-schleswig.de\\\/index.php\\\/datenschutzerklaerung-2\\\/#breadcrumb\"},\"inLanguage\":\"de\",\"potentialAction\":[{\"@type\":\"ReadAction\",\"target\":[\"https:\\\/\\\/schlei-fahrzeugbau-schleswig.de\\\/index.php\\\/datenschutzerklaerung-2\\\/\"]}]},{\"@type\":\"BreadcrumbList\",\"@id\":\"https:\\\/\\\/schlei-fahrzeugbau-schleswig.de\\\/index.php\\\/datenschutzerklaerung-2\\\/#breadcrumb\",\"itemListElement\":[{\"@type\":\"ListItem\",\"position\":1,\"name\":\"Home\",\"item\":\"https:\\\/\\\/schlei-fahrzeugbau-schleswig.de\\\/\"},{\"@type\":\"ListItem\",\"position\":2,\"name\":\"Datenschutzerkl\u00e4rung\"}]},{\"@type\":\"WebSite\",\"@id\":\"https:\\\/\\\/schlei-fahrzeugbau-schleswig.de\\\/#website\",\"url\":\"https:\\\/\\\/schlei-fahrzeugbau-schleswig.de\\\/\",\"name\":\"Schlei Fahrzeugbau Schleswig\",\"description\":\"Fahrzeugbau Schleswig-Holstein\",\"potentialAction\":[{\"@type\":\"SearchAction\",\"target\":{\"@type\":\"EntryPoint\",\"urlTemplate\":\"https:\\\/\\\/schlei-fahrzeugbau-schleswig.de\\\/?s={search_term_string}\"},\"query-input\":{\"@type\":\"PropertyValueSpecification\",\"valueRequired\":true,\"valueName\":\"search_term_string\"}}],\"inLanguage\":\"de\"}]}<\/script>\n<!-- \/ Yoast SEO plugin. -->","yoast_head_json":{"title":"Datenschutzerkl\u00e4rung - Schlei Fahrzeugbau Schleswig","robots":{"index":"index","follow":"follow","max-snippet":"max-snippet:-1","max-image-preview":"max-image-preview:large","max-video-preview":"max-video-preview:-1"},"canonical":"https:\/\/schlei-fahrzeugbau-schleswig.de\/index.php\/datenschutzerklaerung-2\/","og_locale":"de_DE","og_type":"article","og_title":"Datenschutzerkl\u00e4rung - Schlei Fahrzeugbau Schleswig","og_description":"1) Information \u00fcber die Erhebung personenbezogener Daten und Kontaktdaten des Verantwortlichen 1.1\u2009Wir freuen uns, dass Sie unsere Website besuchen und bedanken uns f\u00fcr Ihr Interesse. Im Folgenden informieren wir Sie \u00fcber den Umgang mit Ihren personenbezogenen Daten bei Nutzung unserer Website. Personenbezogene Daten sind hierbei alle Daten, mit denen Sie pers\u00f6nlich identifiziert werden k\u00f6nnen. 1.2\u2009Verantwortlicher [&hellip;]","og_url":"https:\/\/schlei-fahrzeugbau-schleswig.de\/index.php\/datenschutzerklaerung-2\/","og_site_name":"Schlei Fahrzeugbau Schleswig","article_modified_time":"2021-04-10T11:51:57+00:00","twitter_card":"summary_large_image","twitter_misc":{"Gesch\u00e4tzte Lesezeit":"4\u00a0Minuten"},"schema":{"@context":"https:\/\/schema.org","@graph":[{"@type":"WebPage","@id":"https:\/\/schlei-fahrzeugbau-schleswig.de\/index.php\/datenschutzerklaerung-2\/","url":"https:\/\/schlei-fahrzeugbau-schleswig.de\/index.php\/datenschutzerklaerung-2\/","name":"Datenschutzerkl\u00e4rung - Schlei Fahrzeugbau Schleswig","isPartOf":{"@id":"https:\/\/schlei-fahrzeugbau-schleswig.de\/#website"},"datePublished":"2021-04-10T11:51:01+00:00","dateModified":"2021-04-10T11:51:57+00:00","breadcrumb":{"@id":"https:\/\/schlei-fahrzeugbau-schleswig.de\/index.php\/datenschutzerklaerung-2\/#breadcrumb"},"inLanguage":"de","potentialAction":[{"@type":"ReadAction","target":["https:\/\/schlei-fahrzeugbau-schleswig.de\/index.php\/datenschutzerklaerung-2\/"]}]},{"@type":"BreadcrumbList","@id":"https:\/\/schlei-fahrzeugbau-schleswig.de\/index.php\/datenschutzerklaerung-2\/#breadcrumb","itemListElement":[{"@type":"ListItem","position":1,"name":"Home","item":"https:\/\/schlei-fahrzeugbau-schleswig.de\/"},{"@type":"ListItem","position":2,"name":"Datenschutzerkl\u00e4rung"}]},{"@type":"WebSite","@id":"https:\/\/schlei-fahrzeugbau-schleswig.de\/#website","url":"https:\/\/schlei-fahrzeugbau-schleswig.de\/","name":"Schlei Fahrzeugbau Schleswig","description":"Fahrzeugbau Schleswig-Holstein","potentialAction":[{"@type":"SearchAction","target":{"@type":"EntryPoint","urlTemplate":"https:\/\/schlei-fahrzeugbau-schleswig.de\/?s={search_term_string}"},"query-input":{"@type":"PropertyValueSpecification","valueRequired":true,"valueName":"search_term_string"}}],"inLanguage":"de"}]}},"_links":{"self":[{"href":"https:\/\/schlei-fahrzeugbau-schleswig.de\/index.php\/wp-json\/wp\/v2\/pages\/2667","targetHints":{"allow":["GET"]}}],"collection":[{"href":"https:\/\/schlei-fahrzeugbau-schleswig.de\/index.php\/wp-json\/wp\/v2\/pages"}],"about":[{"href":"https:\/\/schlei-fahrzeugbau-schleswig.de\/index.php\/wp-json\/wp\/v2\/types\/page"}],"author":[{"embeddable":true,"href":"https:\/\/schlei-fahrzeugbau-schleswig.de\/index.php\/wp-json\/wp\/v2\/users\/1"}],"replies":[{"embeddable":true,"href":"https:\/\/schlei-fahrzeugbau-schleswig.de\/index.php\/wp-json\/wp\/v2\/comments?post=2667"}],"version-history":[{"count":0,"href":"https:\/\/schlei-fahrzeugbau-schleswig.de\/index.php\/wp-json\/wp\/v2\/pages\/2667\/revisions"}],"wp:attachment":[{"href":"https:\/\/schlei-fahrzeugbau-schleswig.de\/index.php\/wp-json\/wp\/v2\/media?parent=2667"}],"curies":[{"name":"wp","href":"https:\/\/api.w.org\/{rel}","templated":true}]}}